{"id":561,"date":"2024-08-08T15:31:13","date_gmt":"2024-08-08T19:31:13","guid":{"rendered":"https:\/\/primocol.com\/esp\/?page_id=561"},"modified":"2024-08-16T15:29:32","modified_gmt":"2024-08-16T20:29:32","slug":"primocol","status":"publish","type":"page","link":"https:\/\/primocol.com\/esp\/primocol\/","title":{"rendered":"Quienes Somos"},"content":{"rendered":"\n<h3 class=\"wp-block-heading\">Desde 1987, nuestro equipo ha logrado comprender las necesidades de la industria y crear productos confiables para atenderlas a todas.<\/h3>\n\n\n\n<p>Logramos resultados exitosos integrando las mejores cualidades de nuestros empleados a trav\u00e9s de la mejora continua y la confiabilidad operativa. La uni\u00f3n del conocimiento, especializaci\u00f3n, experiencia y habilidades de cada uno de nosotros nos lleva a alcanzar los m\u00e1s altos est\u00e1ndares de vida laboral, las mejores pr\u00e1cticas empresariales y el \u00f3ptimo nivel de calidad.<\/p>\n\n\n\n<p>Nuestro principal objetivo es satisfacer las necesidades de nuestros clientes. Brindando responsabilidad y calidad en todos los procesos a trav\u00e9s de personal capacitado y comprometido.<\/p>\n\n\n\n<div style=\"height:50px\" aria-hidden=\"true\" class=\"wp-block-spacer\"><\/div>\n\n\n\t\t<div data-elementor-type=\"container\" data-elementor-id=\"570\" class=\"elementor elementor-570\" data-elementor-post-type=\"elementor_library\">\n\t\t\t\t<div class=\"elementor-element elementor-element-525c0e8 e-con-full e-flex e-con e-parent\" data-id=\"525c0e8\" data-element_type=\"container\" data-settings=\"{&quot;background_background&quot;:&quot;video&quot;,&quot;background_video_link&quot;:&quot;https:\\\/\\\/www.youtube.com\\\/embed\\\/QAhzh5aimdU&quot;}\">\n\t\t<div class=\"elementor-background-video-container elementor-hidden-mobile\" aria-hidden=\"true\">\n\t\t\t\t\t\t\t<div class=\"elementor-background-video-embed\"><\/div>\n\t\t\t\t\t\t<\/div>\t\t<div class=\"elementor-element elementor-element-1d45bec elementor-widget elementor-widget-heading\" data-id=\"1d45bec\" data-element_type=\"widget\" data-widget_type=\"heading.default\">\n\t\t\t\t<div class=\"elementor-widget-container\">\n\t\t\t\t\t<h2 class=\"elementor-heading-title elementor-size-default\">\u00a1La calidad es lo primero! Nos aseguramos de que se analice cada detalle minucioso mientras fabricamos incluso el producto m\u00e1s peque\u00f1o. Nuestro enfoque es 100% en las necesidades y la satisfacci\u00f3n del cliente.<\/h2>\t\t\t\t<\/div>\n\t\t\t\t<\/div>\n\t\t<div class=\"elementor-element elementor-element-b471b74 e-con-full e-flex e-con e-child\" data-id=\"b471b74\" data-element_type=\"container\">\n\t\t\t\t<div class=\"elementor-element elementor-element-711cf8a elementor-widget elementor-widget-heading\" data-id=\"711cf8a\" data-element_type=\"widget\" data-widget_type=\"heading.default\">\n\t\t\t\t<div class=\"elementor-widget-container\">\n\t\t\t\t\t<h3 class=\"elementor-heading-title elementor-size-default\">Soluciones innovadoras\n<\/h3>\t\t\t\t<\/div>\n\t\t\t\t<\/div>\n\t\t\t\t<div class=\"elementor-element elementor-element-8979898 elementor-widget elementor-widget-text-editor\" data-id=\"8979898\" data-element_type=\"widget\" data-widget_type=\"text-editor.default\">\n\t\t\t\t<div class=\"elementor-widget-container\">\n\t\t\t\t\t\t\t\t\tPRIMOCOL ha combinado experiencia en fabricaci\u00f3n e ingenier\u00eda con un servicio al cliente superior para convertirse en una de las marcas m\u00e1s confiables. Nos hemos ganado la reputaci\u00f3n de ofrecer soluciones de calidad para todos nuestros clientes.\t\t\t\t\t\t\t\t<\/div>\n\t\t\t\t<\/div>\n\t\t\t\t<\/div>\n\t\t<div class=\"elementor-element elementor-element-c830827 e-con-full e-flex e-con e-child\" data-id=\"c830827\" data-element_type=\"container\">\n\t\t\t\t<div class=\"elementor-element elementor-element-9d781b1 elementor-widget elementor-widget-heading\" data-id=\"9d781b1\" data-element_type=\"widget\" data-widget_type=\"heading.default\">\n\t\t\t\t<div class=\"elementor-widget-container\">\n\t\t\t\t\t<h3 class=\"elementor-heading-title elementor-size-default\">Calidad insuperable\n\n<\/h3>\t\t\t\t<\/div>\n\t\t\t\t<\/div>\n\t\t\t\t<div class=\"elementor-element elementor-element-8489db7 elementor-widget elementor-widget-text-editor\" data-id=\"8489db7\" data-element_type=\"widget\" data-widget_type=\"text-editor.default\">\n\t\t\t\t<div class=\"elementor-widget-container\">\n\t\t\t\t\t\t\t\t\tNuestra misi\u00f3n es desarrollar soluciones verdaderamente innovadoras y revolucionarias para nuestros clientes. Creemos firmemente que la satisfacci\u00f3n del cliente a largo plazo es la piedra angular de nuestro \u00e9xito y estamos comprometidos con una calidad y un servicio superiores. Ese compromiso siempre ser\u00e1 la base est\u00e1ndar de nuestro \u00e9xito.\t\t\t\t\t\t\t\t<\/div>\n\t\t\t\t<\/div>\n\t\t\t\t<\/div>\n\t\t\t\t<\/div>\n\t\t\t\t<\/div>\n\t\t\n","protected":false},"excerpt":{"rendered":"<p>Desde 1987, nuestro equipo ha logrado comprender las necesidades de la industria y crear productos confiables para atenderlas a todas. Logramos resultados exitosos integrando las mejores cualidades de nuestros empleados a trav\u00e9s de la mejora continua y la confiabilidad operativa. La uni\u00f3n del conocimiento, especializaci\u00f3n, experiencia y habilidades de cada uno de nosotros nos lleva [&hellip;]<\/p>\n","protected":false},"author":1,"featured_media":0,"parent":0,"menu_order":0,"comment_status":"closed","ping_status":"closed","template":"","meta":{"footnotes":""},"class_list":["post-561","page","type-page","status-publish","hentry"],"yoast_head":"<title>Quienes Somos - Primocol SAS Soluciones Industriales<\/title>\n<meta name=\"robots\" content=\"index, follow, max-snippet:-1, max-image-preview:large, max-video-preview:-1\" \/>\n<link rel=\"canonical\" href=\"https:\/\/primocol.com\/esp\/primocol\/\" \/>\n<meta property=\"og:locale\" content=\"es_ES\" \/>\n<meta property=\"og:type\" content=\"article\" \/>\n<meta property=\"og:title\" content=\"Quienes Somos\" \/>\n<meta property=\"og:description\" content=\"Desde 1987, nuestro equipo ha logrado comprender las necesidades de la industria y crear productos confiables para atenderlas a todas. Logramos resultados exitosos integrando las mejores cualidades de nuestros empleados a trav\u00e9s de la mejora continua y la confiabilidad operativa. La uni\u00f3n del conocimiento, especializaci\u00f3n, experiencia y habilidades de cada uno de nosotros nos lleva [&hellip;]\" \/>\n<meta property=\"og:url\" content=\"https:\/\/primocol.com\/esp\/primocol\/\" \/>\n<meta property=\"og:site_name\" content=\"Primocol SAS Soluciones Industriales\" \/>\n<meta property=\"article:modified_time\" content=\"2024-08-16T20:29:32+00:00\" \/>\n<meta property=\"og:image\" content=\"https:\/\/primocol.com\/esp\/wp-content\/uploads\/2024\/08\/primocol-about.jpg\" \/>\n\t<meta property=\"og:image:width\" content=\"675\" \/>\n\t<meta property=\"og:image:height\" content=\"750\" \/>\n\t<meta property=\"og:image:type\" content=\"image\/jpeg\" \/>\n<meta name=\"twitter:card\" content=\"summary_large_image\" \/>\n<meta name=\"twitter:label1\" content=\"Tiempo de lectura\" \/>\n\t<meta name=\"twitter:data1\" content=\"1 minuto\" \/>\n<script type=\"application\/ld+json\" class=\"yoast-schema-graph\">{\"@context\":\"https:\/\/schema.org\",\"@graph\":[{\"@type\":\"WebPage\",\"@id\":\"https:\/\/primocol.com\/esp\/primocol\/\",\"url\":\"https:\/\/primocol.com\/esp\/primocol\/\",\"name\":\"Quienes Somos - Primocol SAS Soluciones Industriales\",\"isPartOf\":{\"@id\":\"https:\/\/primocol.com\/esp\/#website\"},\"datePublished\":\"2024-08-08T19:31:13+00:00\",\"dateModified\":\"2024-08-16T20:29:32+00:00\",\"breadcrumb\":{\"@id\":\"https:\/\/primocol.com\/esp\/primocol\/#breadcrumb\"},\"inLanguage\":\"es\",\"potentialAction\":[{\"@type\":\"ReadAction\",\"target\":[\"https:\/\/primocol.com\/esp\/primocol\/\"]}]},{\"@type\":\"BreadcrumbList\",\"@id\":\"https:\/\/primocol.com\/esp\/primocol\/#breadcrumb\",\"itemListElement\":[{\"@type\":\"ListItem\",\"position\":1,\"name\":\"Portada\",\"item\":\"https:\/\/primocol.com\/esp\/\"},{\"@type\":\"ListItem\",\"position\":2,\"name\":\"Quienes Somos\"}]},{\"@type\":\"WebSite\",\"@id\":\"https:\/\/primocol.com\/esp\/#website\",\"url\":\"https:\/\/primocol.com\/esp\/\",\"name\":\"Primocol SAS Soluciones Industriales\",\"description\":\"\",\"publisher\":{\"@id\":\"https:\/\/primocol.com\/esp\/#organization\"},\"alternateName\":\"Primocol SAS\",\"potentialAction\":[{\"@type\":\"SearchAction\",\"target\":{\"@type\":\"EntryPoint\",\"urlTemplate\":\"https:\/\/primocol.com\/esp\/?s={search_term_string}\"},\"query-input\":\"required name=search_term_string\"}],\"inLanguage\":\"es\"},{\"@type\":\"Organization\",\"@id\":\"https:\/\/primocol.com\/esp\/#organization\",\"name\":\"Primocol Soluciones Industriales\",\"alternateName\":\"Primocol Suministros Industriales\",\"url\":\"https:\/\/primocol.com\/esp\/\",\"logo\":{\"@type\":\"ImageObject\",\"inLanguage\":\"es\",\"@id\":\"https:\/\/primocol.com\/esp\/#\/schema\/logo\/image\/\",\"url\":\"https:\/\/primocol.com\/esp\/wp-content\/uploads\/2024\/08\/logo_Primocol.png\",\"contentUrl\":\"https:\/\/primocol.com\/esp\/wp-content\/uploads\/2024\/08\/logo_Primocol.png\",\"width\":413,\"height\":119,\"caption\":\"Primocol Soluciones Industriales\"},\"image\":{\"@id\":\"https:\/\/primocol.com\/esp\/#\/schema\/logo\/image\/\"}}]}<\/script>","yoast_head_json":{"title":"Quienes Somos - Primocol SAS Soluciones Industriales","robots":{"index":"index","follow":"follow","max-snippet":"max-snippet:-1","max-image-preview":"max-image-preview:large","max-video-preview":"max-video-preview:-1"},"canonical":"https:\/\/primocol.com\/esp\/primocol\/","og_locale":"es_ES","og_type":"article","og_title":"Quienes Somos","og_description":"Desde 1987, nuestro equipo ha logrado comprender las necesidades de la industria y crear productos confiables para atenderlas a todas. Logramos resultados exitosos integrando las mejores cualidades de nuestros empleados a trav\u00e9s de la mejora continua y la confiabilidad operativa. La uni\u00f3n del conocimiento, especializaci\u00f3n, experiencia y habilidades de cada uno de nosotros nos lleva [&hellip;]","og_url":"https:\/\/primocol.com\/esp\/primocol\/","og_site_name":"Primocol SAS Soluciones Industriales","article_modified_time":"2024-08-16T20:29:32+00:00","og_image":[{"width":675,"height":750,"url":"https:\/\/primocol.com\/esp\/wp-content\/uploads\/2024\/08\/primocol-about.jpg","type":"image\/jpeg"}],"twitter_card":"summary_large_image","twitter_misc":{"Tiempo de lectura":"1 minuto"},"schema":{"@context":"https:\/\/schema.org","@graph":[{"@type":"WebPage","@id":"https:\/\/primocol.com\/esp\/primocol\/","url":"https:\/\/primocol.com\/esp\/primocol\/","name":"Quienes Somos - Primocol SAS Soluciones Industriales","isPartOf":{"@id":"https:\/\/primocol.com\/esp\/#website"},"datePublished":"2024-08-08T19:31:13+00:00","dateModified":"2024-08-16T20:29:32+00:00","breadcrumb":{"@id":"https:\/\/primocol.com\/esp\/primocol\/#breadcrumb"},"inLanguage":"es","potentialAction":[{"@type":"ReadAction","target":["https:\/\/primocol.com\/esp\/primocol\/"]}]},{"@type":"BreadcrumbList","@id":"https:\/\/primocol.com\/esp\/primocol\/#breadcrumb","itemListElement":[{"@type":"ListItem","position":1,"name":"Portada","item":"https:\/\/primocol.com\/esp\/"},{"@type":"ListItem","position":2,"name":"Quienes Somos"}]},{"@type":"WebSite","@id":"https:\/\/primocol.com\/esp\/#website","url":"https:\/\/primocol.com\/esp\/","name":"Primocol SAS Soluciones Industriales","description":"","publisher":{"@id":"https:\/\/primocol.com\/esp\/#organization"},"alternateName":"Primocol SAS","potentialAction":[{"@type":"SearchAction","target":{"@type":"EntryPoint","urlTemplate":"https:\/\/primocol.com\/esp\/?s={search_term_string}"},"query-input":"required name=search_term_string"}],"inLanguage":"es"},{"@type":"Organization","@id":"https:\/\/primocol.com\/esp\/#organization","name":"Primocol Soluciones Industriales","alternateName":"Primocol Suministros Industriales","url":"https:\/\/primocol.com\/esp\/","logo":{"@type":"ImageObject","inLanguage":"es","@id":"https:\/\/primocol.com\/esp\/#\/schema\/logo\/image\/","url":"https:\/\/primocol.com\/esp\/wp-content\/uploads\/2024\/08\/logo_Primocol.png","contentUrl":"https:\/\/primocol.com\/esp\/wp-content\/uploads\/2024\/08\/logo_Primocol.png","width":413,"height":119,"caption":"Primocol Soluciones Industriales"},"image":{"@id":"https:\/\/primocol.com\/esp\/#\/schema\/logo\/image\/"}}]}},"_links":{"self":[{"href":"https:\/\/primocol.com\/esp\/wp-json\/wp\/v2\/pages\/561","targetHints":{"allow":["GET"]}}],"collection":[{"href":"https:\/\/primocol.com\/esp\/wp-json\/wp\/v2\/pages"}],"about":[{"href":"https:\/\/primocol.com\/esp\/wp-json\/wp\/v2\/types\/page"}],"author":[{"embeddable":true,"href":"https:\/\/primocol.com\/esp\/wp-json\/wp\/v2\/users\/1"}],"replies":[{"embeddable":true,"href":"https:\/\/primocol.com\/esp\/wp-json\/wp\/v2\/comments?post=561"}],"version-history":[{"count":4,"href":"https:\/\/primocol.com\/esp\/wp-json\/wp\/v2\/pages\/561\/revisions"}],"predecessor-version":[{"id":725,"href":"https:\/\/primocol.com\/esp\/wp-json\/wp\/v2\/pages\/561\/revisions\/725"}],"wp:attachment":[{"href":"https:\/\/primocol.com\/esp\/wp-json\/wp\/v2\/media?parent=561"}],"curies":[{"name":"wp","href":"https:\/\/api.w.org\/{rel}","templated":true}]}}