{"id":640,"date":"2024-08-08T16:43:51","date_gmt":"2024-08-08T20:43:51","guid":{"rendered":"https:\/\/primocol.com\/esp\/?page_id=640"},"modified":"2024-09-23T14:58:48","modified_gmt":"2024-09-23T19:58:48","slug":"politica-calidad","status":"publish","type":"page","link":"https:\/\/primocol.com\/esp\/politica-calidad\/","title":{"rendered":"POLITICA DEL SISTEMA DE GESTI\u00d3N DE CALIDAD"},"content":{"rendered":"\n<p>La alta direcci\u00f3n de PRIMOCOL SAS, en el cumplimiento de su objeto de \u201cComercializaci\u00f3n y Distribuci\u00f3n de Elementos y Sistemas Industriales y Fabricaci\u00f3n y Comercializaci\u00f3n de V\u00e1lvulas\u201d expresa su compromiso con el desarrollo y la mejora continua del Sistema de Gesti\u00f3n de Calidad, basado en la Norma ISO 9001, ha establecido la presente Pol\u00edtica de Calidad, como pilar fundamental en el que se apoyan nuestros objetivos de calidad y las l\u00edneas de acci\u00f3n para la consecuci\u00f3n de los mismos:<\/p>\n\n\n\n<ul class=\"wp-block-list\">\n<li>Realizar una adecuada gesti\u00f3n de Riesgos y oportunidades<\/li>\n\n\n\n<li>Ofrecer cumplimiento y atenci\u00f3n personalizada al cliente enfocadas a obtener su satisfacci\u00f3n.<\/li>\n\n\n\n<li>Contar con personal competente y en constante formaci\u00f3n.<\/li>\n\n\n\n<li>Asegurar la eficacia y mejora continua en materia de gesti\u00f3n de la calidad fomentando la participaci\u00f3n de todo el equipo.<\/li>\n\n\n\n<li>Cumplir los requisitos aplicables incluida la legislaci\u00f3n vigente, en las actividades desarrolladas.<\/li>\n<\/ul>\n\n\n\n<p><\/p>\n\n\n\n<p>La presente pol\u00edtica es dada a conocer a todo el personal y a las partes interesadas, y se revisa peri\u00f3dicamente para asegurar su actualizaci\u00f3n y mantenimiento.<\/p>\n","protected":false},"excerpt":{"rendered":"<p>La alta direcci\u00f3n de PRIMOCOL SAS, en el cumplimiento de su objeto de \u201cComercializaci\u00f3n y Distribuci\u00f3n de Elementos y Sistemas Industriales y Fabricaci\u00f3n y Comercializaci\u00f3n de V\u00e1lvulas\u201d expresa su compromiso con el desarrollo y la mejora continua del Sistema de Gesti\u00f3n de Calidad, basado en la Norma ISO 9001, ha establecido la presente Pol\u00edtica de [&hellip;]<\/p>\n","protected":false},"author":1,"featured_media":0,"parent":0,"menu_order":0,"comment_status":"closed","ping_status":"closed","template":"","meta":{"footnotes":""},"class_list":["post-640","page","type-page","status-publish","hentry"],"yoast_head":"<title>POLITICA DEL SISTEMA DE GESTI\u00d3N DE CALIDAD - Primocol SAS Soluciones Industriales<\/title>\n<meta name=\"robots\" content=\"index, follow, max-snippet:-1, max-image-preview:large, max-video-preview:-1\" \/>\n<link rel=\"canonical\" href=\"https:\/\/primocol.com\/esp\/politica-calidad\/\" \/>\n<meta property=\"og:locale\" content=\"es_ES\" \/>\n<meta property=\"og:type\" content=\"article\" \/>\n<meta property=\"og:title\" content=\"POLITICA DEL SISTEMA DE GESTI\u00d3N DE CALIDAD\" \/>\n<meta property=\"og:description\" content=\"La alta direcci\u00f3n de PRIMOCOL SAS, en el cumplimiento de su objeto de \u201cComercializaci\u00f3n y Distribuci\u00f3n de Elementos y Sistemas Industriales y Fabricaci\u00f3n y Comercializaci\u00f3n de V\u00e1lvulas\u201d expresa su compromiso con el desarrollo y la mejora continua del Sistema de Gesti\u00f3n de Calidad, basado en la Norma ISO 9001, ha establecido la presente Pol\u00edtica de [&hellip;]\" \/>\n<meta property=\"og:url\" content=\"https:\/\/primocol.com\/esp\/politica-calidad\/\" \/>\n<meta property=\"og:site_name\" content=\"Primocol SAS Soluciones Industriales\" \/>\n<meta property=\"article:modified_time\" content=\"2024-09-23T19:58:48+00:00\" \/>\n<meta property=\"og:image\" content=\"https:\/\/primocol.com\/esp\/wp-content\/uploads\/2024\/08\/primocol-about.jpg\" \/>\n\t<meta property=\"og:image:width\" content=\"675\" \/>\n\t<meta property=\"og:image:height\" content=\"750\" \/>\n\t<meta property=\"og:image:type\" content=\"image\/jpeg\" \/>\n<meta name=\"twitter:card\" content=\"summary_large_image\" \/>\n<meta name=\"twitter:label1\" content=\"Tiempo de lectura\" \/>\n\t<meta name=\"twitter:data1\" content=\"1 minuto\" \/>\n<script type=\"application\/ld+json\" class=\"yoast-schema-graph\">{\"@context\":\"https:\/\/schema.org\",\"@graph\":[{\"@type\":\"WebPage\",\"@id\":\"https:\/\/primocol.com\/esp\/politica-calidad\/\",\"url\":\"https:\/\/primocol.com\/esp\/politica-calidad\/\",\"name\":\"POLITICA DEL SISTEMA DE GESTI\u00d3N DE CALIDAD - Primocol SAS Soluciones Industriales\",\"isPartOf\":{\"@id\":\"https:\/\/primocol.com\/esp\/#website\"},\"datePublished\":\"2024-08-08T20:43:51+00:00\",\"dateModified\":\"2024-09-23T19:58:48+00:00\",\"breadcrumb\":{\"@id\":\"https:\/\/primocol.com\/esp\/politica-calidad\/#breadcrumb\"},\"inLanguage\":\"es\",\"potentialAction\":[{\"@type\":\"ReadAction\",\"target\":[\"https:\/\/primocol.com\/esp\/politica-calidad\/\"]}]},{\"@type\":\"BreadcrumbList\",\"@id\":\"https:\/\/primocol.com\/esp\/politica-calidad\/#breadcrumb\",\"itemListElement\":[{\"@type\":\"ListItem\",\"position\":1,\"name\":\"Portada\",\"item\":\"https:\/\/primocol.com\/esp\/\"},{\"@type\":\"ListItem\",\"position\":2,\"name\":\"POLITICA DEL SISTEMA DE GESTI\u00d3N DE CALIDAD\"}]},{\"@type\":\"WebSite\",\"@id\":\"https:\/\/primocol.com\/esp\/#website\",\"url\":\"https:\/\/primocol.com\/esp\/\",\"name\":\"Primocol SAS Soluciones Industriales\",\"description\":\"\",\"publisher\":{\"@id\":\"https:\/\/primocol.com\/esp\/#organization\"},\"alternateName\":\"Primocol SAS\",\"potentialAction\":[{\"@type\":\"SearchAction\",\"target\":{\"@type\":\"EntryPoint\",\"urlTemplate\":\"https:\/\/primocol.com\/esp\/?s={search_term_string}\"},\"query-input\":\"required name=search_term_string\"}],\"inLanguage\":\"es\"},{\"@type\":\"Organization\",\"@id\":\"https:\/\/primocol.com\/esp\/#organization\",\"name\":\"Primocol Soluciones Industriales\",\"alternateName\":\"Primocol Suministros Industriales\",\"url\":\"https:\/\/primocol.com\/esp\/\",\"logo\":{\"@type\":\"ImageObject\",\"inLanguage\":\"es\",\"@id\":\"https:\/\/primocol.com\/esp\/#\/schema\/logo\/image\/\",\"url\":\"https:\/\/primocol.com\/esp\/wp-content\/uploads\/2024\/08\/logo_Primocol.png\",\"contentUrl\":\"https:\/\/primocol.com\/esp\/wp-content\/uploads\/2024\/08\/logo_Primocol.png\",\"width\":413,\"height\":119,\"caption\":\"Primocol Soluciones Industriales\"},\"image\":{\"@id\":\"https:\/\/primocol.com\/esp\/#\/schema\/logo\/image\/\"}}]}<\/script>","yoast_head_json":{"title":"POLITICA DEL SISTEMA DE GESTI\u00d3N DE CALIDAD - Primocol SAS Soluciones Industriales","robots":{"index":"index","follow":"follow","max-snippet":"max-snippet:-1","max-image-preview":"max-image-preview:large","max-video-preview":"max-video-preview:-1"},"canonical":"https:\/\/primocol.com\/esp\/politica-calidad\/","og_locale":"es_ES","og_type":"article","og_title":"POLITICA DEL SISTEMA DE GESTI\u00d3N DE CALIDAD","og_description":"La alta direcci\u00f3n de PRIMOCOL SAS, en el cumplimiento de su objeto de \u201cComercializaci\u00f3n y Distribuci\u00f3n de Elementos y Sistemas Industriales y Fabricaci\u00f3n y Comercializaci\u00f3n de V\u00e1lvulas\u201d expresa su compromiso con el desarrollo y la mejora continua del Sistema de Gesti\u00f3n de Calidad, basado en la Norma ISO 9001, ha establecido la presente Pol\u00edtica de [&hellip;]","og_url":"https:\/\/primocol.com\/esp\/politica-calidad\/","og_site_name":"Primocol SAS Soluciones Industriales","article_modified_time":"2024-09-23T19:58:48+00:00","og_image":[{"width":675,"height":750,"url":"https:\/\/primocol.com\/esp\/wp-content\/uploads\/2024\/08\/primocol-about.jpg","type":"image\/jpeg"}],"twitter_card":"summary_large_image","twitter_misc":{"Tiempo de lectura":"1 minuto"},"schema":{"@context":"https:\/\/schema.org","@graph":[{"@type":"WebPage","@id":"https:\/\/primocol.com\/esp\/politica-calidad\/","url":"https:\/\/primocol.com\/esp\/politica-calidad\/","name":"POLITICA DEL SISTEMA DE GESTI\u00d3N DE CALIDAD - Primocol SAS Soluciones Industriales","isPartOf":{"@id":"https:\/\/primocol.com\/esp\/#website"},"datePublished":"2024-08-08T20:43:51+00:00","dateModified":"2024-09-23T19:58:48+00:00","breadcrumb":{"@id":"https:\/\/primocol.com\/esp\/politica-calidad\/#breadcrumb"},"inLanguage":"es","potentialAction":[{"@type":"ReadAction","target":["https:\/\/primocol.com\/esp\/politica-calidad\/"]}]},{"@type":"BreadcrumbList","@id":"https:\/\/primocol.com\/esp\/politica-calidad\/#breadcrumb","itemListElement":[{"@type":"ListItem","position":1,"name":"Portada","item":"https:\/\/primocol.com\/esp\/"},{"@type":"ListItem","position":2,"name":"POLITICA DEL SISTEMA DE GESTI\u00d3N DE CALIDAD"}]},{"@type":"WebSite","@id":"https:\/\/primocol.com\/esp\/#website","url":"https:\/\/primocol.com\/esp\/","name":"Primocol SAS Soluciones Industriales","description":"","publisher":{"@id":"https:\/\/primocol.com\/esp\/#organization"},"alternateName":"Primocol SAS","potentialAction":[{"@type":"SearchAction","target":{"@type":"EntryPoint","urlTemplate":"https:\/\/primocol.com\/esp\/?s={search_term_string}"},"query-input":"required name=search_term_string"}],"inLanguage":"es"},{"@type":"Organization","@id":"https:\/\/primocol.com\/esp\/#organization","name":"Primocol Soluciones Industriales","alternateName":"Primocol Suministros Industriales","url":"https:\/\/primocol.com\/esp\/","logo":{"@type":"ImageObject","inLanguage":"es","@id":"https:\/\/primocol.com\/esp\/#\/schema\/logo\/image\/","url":"https:\/\/primocol.com\/esp\/wp-content\/uploads\/2024\/08\/logo_Primocol.png","contentUrl":"https:\/\/primocol.com\/esp\/wp-content\/uploads\/2024\/08\/logo_Primocol.png","width":413,"height":119,"caption":"Primocol Soluciones Industriales"},"image":{"@id":"https:\/\/primocol.com\/esp\/#\/schema\/logo\/image\/"}}]}},"_links":{"self":[{"href":"https:\/\/primocol.com\/esp\/wp-json\/wp\/v2\/pages\/640","targetHints":{"allow":["GET"]}}],"collection":[{"href":"https:\/\/primocol.com\/esp\/wp-json\/wp\/v2\/pages"}],"about":[{"href":"https:\/\/primocol.com\/esp\/wp-json\/wp\/v2\/types\/page"}],"author":[{"embeddable":true,"href":"https:\/\/primocol.com\/esp\/wp-json\/wp\/v2\/users\/1"}],"replies":[{"embeddable":true,"href":"https:\/\/primocol.com\/esp\/wp-json\/wp\/v2\/comments?post=640"}],"version-history":[{"count":4,"href":"https:\/\/primocol.com\/esp\/wp-json\/wp\/v2\/pages\/640\/revisions"}],"predecessor-version":[{"id":813,"href":"https:\/\/primocol.com\/esp\/wp-json\/wp\/v2\/pages\/640\/revisions\/813"}],"wp:attachment":[{"href":"https:\/\/primocol.com\/esp\/wp-json\/wp\/v2\/media?parent=640"}],"curies":[{"name":"wp","href":"https:\/\/api.w.org\/{rel}","templated":true}]}}